{"id":2483,"date":"2018-02-17T13:08:13","date_gmt":"2018-02-17T13:08:13","guid":{"rendered":"http:\/\/azorianicityhostel.pt\/?page_id=2483"},"modified":"2024-02-24T17:20:59","modified_gmt":"2024-02-24T17:20:59","slug":"about-us","status":"publish","type":"page","link":"https:\/\/azorianicityhostel.pt\/en\/about-us\/","title":{"rendered":"ABOUT US"},"content":{"rendered":"<section class=\"wpb-content-wrapper\"><p>[vc_row full_width=&#8221;stretch_row&#8221; css=&#8221;.vc_custom_1531729276201{padding-bottom: 80px !important;}&#8221;][vc_column width=&#8221;1\/2&#8243;]\t\t\t<div\r\n\t\t\t\tclass=\"main_title  text-left  \">\r\n\t\t\t\t<h2 class=\"title\">GET TO KNOW US<\/h2>\r\n\t\t\t\t\t\t\t\t\t<p class=\"main_description\">Azoriani - Anima\u00e7\u00e3o e Turismo Unipessoal, S.A.<\/p>\r\n\t\t\t\t\t\t\t<\/div>\r\n\t\t[vc_column_text]The Azoriani City Hostel is the latest tourist development of the Azoriani Group &#8211; Anima\u00e7\u00e3o e Turismo Unip. S.A.<br \/>\nThe group has extensive experience in the tourism sector on the island of S\u00e3o Miguel, having managed the Comfort Inn Ponta Delgada Hotel for over 20 years and Casas Amarelas Azores for three years. However, we felt the need to broaden our horizons and offer accommodation for short-term visitors, but with the quality of service offered by Azoriani.<br \/>\nOur vision was to create the perfect accommodation for exchanging experiences and cultures. Azoriani City Hostel was born from the renovation of a typical Azorean house to accommodate tourists who choose to stay in the historic centre of Ponta Delgada, at 59, Dr. Bruno Tavares Carreiro street. In addition to being surrounded by emblematic historical monuments, museums, restaurants and bars, you can also enjoy the sea air of the Atlantic Ocean.<br \/>\nWelcome to Azoriani Hostel Ponta Delgada![\/vc_column_text][\/vc_column][vc_column width=&#8221;1\/2&#8243;]\r\n        <div class=\"image-3d-effect\">\r\n          <div class=\"side left\"><\/div>\r\n          <div class=\"side right\"><\/div>\r\n          <div class=\"images\">\r\n                        <div class=\"front-image\" style=\"background-image: url(https:\/\/azorianicityhostel.pt\/wp-content\/uploads\/2024\/02\/Z62_3277-Aprimorado-NR-scaled.jpg)\"><\/div>\r\n                                    <div class=\"back-image\" style=\"background-image: url(https:\/\/azorianicityhostel.pt\/wp-content\/uploads\/2024\/02\/Z62_3315-Aprimorado-NR-scaled.jpg)\"><\/div>\r\n                      <\/div>\r\n        <\/div>\r\n\r\n\r\n\r\n        [\/vc_column][\/vc_row][vc_row disable_element=&#8221;yes&#8221;][vc_column]\t\t\t<div\r\n\t\t\t\tclass=\"main_title  text-left  \">\r\n\t\t\t\t<h2 class=\"title\">AWARDS<\/h2>\r\n\t\t\t\t\t\t\t<\/div>\r\n\t\t[vc_row_inner][vc_column_inner width=&#8221;1\/3&#8243;]\r\n            <div class=\"award-item\">\r\n              <figure>\r\n                <img src=\"https:\/\/azorianicityhostel.pt\/wp-content\/uploads\/2018\/07\/award1-1.png\" class=\"img-fluid\" alt=\"Award\">\r\n                <figcaption>\r\n                  #1 Global Choice                <\/figcaption>\r\n              <\/figure>\r\n            <\/div>\r\n\r\n\r\n        [\/vc_column_inner][vc_column_inner width=&#8221;1\/3&#8243;]\r\n            <div class=\"award-item\">\r\n              <figure>\r\n                <img src=\"https:\/\/azorianicityhostel.pt\/wp-content\/uploads\/2018\/07\/award2.png\" class=\"img-fluid\" alt=\"Award\">\r\n                <figcaption>\r\n                  #2 Top Quality                <\/figcaption>\r\n              <\/figure>\r\n            <\/div>\r\n\r\n\r\n        [\/vc_column_inner][vc_column_inner width=&#8221;1\/3&#8243;]\r\n            <div class=\"award-item\">\r\n              <figure>\r\n                <img src=\"https:\/\/azorianicityhostel.pt\/wp-content\/uploads\/2018\/07\/award3.png\" class=\"img-fluid\" alt=\"Award\">\r\n                <figcaption>\r\n                  #1 Genuine Quality                <\/figcaption>\r\n              <\/figure>\r\n            <\/div>\r\n\r\n\r\n        [\/vc_column_inner][\/vc_row_inner][\/vc_column][\/vc_row]<\/p>\n<\/section>","protected":false},"excerpt":{"rendered":"<p>[vc_row full_width=&#8221;stretch_row&#8221; css=&#8221;.vc_custom_1531729276201{padding-bottom: 80px !important;}&#8221;][vc_column width=&#8221;1\/2&#8243;][vc_column_text]The Azoriani City Hostel is the latest tourist development of the Azoriani Group &#8211; Anima\u00e7\u00e3o e Turismo Unip. S.A. The group has extensive experience in the tourism sector on the island of S\u00e3o Miguel, having managed the Comfort Inn Ponta Delgada Hotel for over 20 years and Casas Amarelas Azores [&hellip;]<\/p>\n","protected":false},"author":1,"featured_media":0,"parent":0,"menu_order":0,"comment_status":"closed","ping_status":"closed","template":"","meta":[],"acf":[],"_links":{"self":[{"href":"https:\/\/azorianicityhostel.pt\/en\/wp-json\/wp\/v2\/pages\/2483"}],"collection":[{"href":"https:\/\/azorianicityhostel.pt\/en\/wp-json\/wp\/v2\/pages"}],"about":[{"href":"https:\/\/azorianicityhostel.pt\/en\/wp-json\/wp\/v2\/types\/page"}],"author":[{"embeddable":true,"href":"https:\/\/azorianicityhostel.pt\/en\/wp-json\/wp\/v2\/users\/1"}],"replies":[{"embeddable":true,"href":"https:\/\/azorianicityhostel.pt\/en\/wp-json\/wp\/v2\/comments?post=2483"}],"version-history":[{"count":13,"href":"https:\/\/azorianicityhostel.pt\/en\/wp-json\/wp\/v2\/pages\/2483\/revisions"}],"predecessor-version":[{"id":3268,"href":"https:\/\/azorianicityhostel.pt\/en\/wp-json\/wp\/v2\/pages\/2483\/revisions\/3268"}],"wp:attachment":[{"href":"https:\/\/azorianicityhostel.pt\/en\/wp-json\/wp\/v2\/media?parent=2483"}],"curies":[{"name":"wp","href":"https:\/\/api.w.org\/{rel}","templated":true}]}}